{"id":2609,"date":"2024-04-25T01:36:37","date_gmt":"2024-04-25T08:36:37","guid":{"rendered":"https:\/\/pocencoffee.com\/?post_type=product&#038;p=2609"},"modified":"2024-04-25T01:59:17","modified_gmt":"2024-04-25T08:59:17","slug":"chaleira-para-cafe-de-250-ml-e-350-ml","status":"publish","type":"product","link":"https:\/\/pocencoffee.com\/pt\/produto\/chaleira-para-cafe-de-250-ml-e-350-ml\/","title":{"rendered":"Chaleira para caf\u00e9 de 250 ml e 350 ml"},"content":{"rendered":"<p><strong>Chaleira para caf\u00e9 de 250 ml e 350 ml\u00a0<\/strong><\/p>\n<p>Esta chaleira tem um design perfeito para o bico e a al\u00e7a de servir.<\/p>\n<p>O pesco\u00e7o longo e o \u00e2ngulo perfeito do bico de vazamento proporcionam um bom controle sobre o fluxo de \u00e1gua.<\/p>\n<p>A al\u00e7a \u00e9 adequada para segurar com a m\u00e3o e ajusta a a\u00e7\u00e3o de servir.<\/p>\n<p>As tampas podem ser de bambu ou madeira; depende das suas necessidades.<\/p>","protected":false},"excerpt":{"rendered":"<p>\u00c9 uma chaleira com capacidade para 1 x\u00edcara de caf\u00e9.<\/p>\n<p>Normas: LFGB, FDA. .<\/p>\n<p>Material: A\u00e7o inoxid\u00e1vel 304<\/p>\n<p>Capacidade: 250 ml; 350 ml.<\/p>\n<p>Cor: Cor natural S\/S, preto ou personaliza\u00e7\u00e3o.<\/p>\n<p>Personaliza\u00e7\u00e3o: cor, tamanho, embalagem, logotipo.<\/p>","protected":false},"featured_media":2610,"template":"","meta":[],"product_brand":[],"product_cat":[24],"product_tag":[],"class_list":{"0":"post-2609","1":"product","2":"type-product","3":"status-publish","4":"has-post-thumbnail","6":"product_cat-pour-over-kettle","8":"first","9":"instock","10":"shipping-taxable","11":"product-type-simple"},"_links":{"self":[{"href":"https:\/\/pocencoffee.com\/pt\/wp-json\/wp\/v2\/product\/2609","targetHints":{"allow":["GET"]}}],"collection":[{"href":"https:\/\/pocencoffee.com\/pt\/wp-json\/wp\/v2\/product"}],"about":[{"href":"https:\/\/pocencoffee.com\/pt\/wp-json\/wp\/v2\/types\/product"}],"version-history":[{"count":1,"href":"https:\/\/pocencoffee.com\/pt\/wp-json\/wp\/v2\/product\/2609\/revisions"}],"predecessor-version":[{"id":2618,"href":"https:\/\/pocencoffee.com\/pt\/wp-json\/wp\/v2\/product\/2609\/revisions\/2618"}],"wp:featuredmedia":[{"embeddable":true,"href":"https:\/\/pocencoffee.com\/pt\/wp-json\/wp\/v2\/media\/2610"}],"wp:attachment":[{"href":"https:\/\/pocencoffee.com\/pt\/wp-json\/wp\/v2\/media?parent=2609"}],"wp:term":[{"taxonomy":"product_brand","embeddable":true,"href":"https:\/\/pocencoffee.com\/pt\/wp-json\/wp\/v2\/product_brand?post=2609"},{"taxonomy":"product_cat","embeddable":true,"href":"https:\/\/pocencoffee.com\/pt\/wp-json\/wp\/v2\/product_cat?post=2609"},{"taxonomy":"product_tag","embeddable":true,"href":"https:\/\/pocencoffee.com\/pt\/wp-json\/wp\/v2\/product_tag?post=2609"}],"curies":[{"name":"wp","href":"https:\/\/api.w.org\/{rel}","templated":true}]}}