{"id":2640,"date":"2024-04-25T02:37:45","date_gmt":"2024-04-25T09:37:45","guid":{"rendered":"https:\/\/pocencoffee.com\/?post_type=product&#038;p=2640"},"modified":"2024-04-25T02:55:43","modified_gmt":"2024-04-25T09:55:43","slug":"cafeteira-de-cafe-premium-choice-com-preparo-manual","status":"publish","type":"product","link":"https:\/\/pocencoffee.com\/pt\/produto\/cafeteira-de-cafe-premium-choice-com-preparo-manual\/","title":{"rendered":"Cafeteira manual de alta qualidade"},"content":{"rendered":"<p><strong>Cafeteira manual de alta qualidade<\/strong><\/p>\n<p>Esta chaleira tem um design perfeito para o bico e a al\u00e7a de servir.<\/p>\n<p>O pesco\u00e7o longo e o \u00e2ngulo perfeito de 90\u00b0 do bocal de vazamento e o di\u00e2metro de 4 mm do bocal proporcionam um bom controle do fluxo de \u00e1gua.<\/p>\n<p>A al\u00e7a \u00e9 adequada para segurar com a m\u00e3o e ajusta a a\u00e7\u00e3o de servir.<\/p>\n<p>&nbsp;<\/p>","protected":false},"excerpt":{"rendered":"<p>Coletor de caf\u00e9 com design de al\u00e7a sem restri\u00e7\u00f5es<\/p>\n<p>Normas: LFGB, FDA. .<\/p>\n<p>Material: A\u00e7o inoxid\u00e1vel 304.<\/p>\n<p>Capacidade: 250 ml, 350 ml.<\/p>\n<p>Cor: personalizada.<\/p>\n<p>Personaliza\u00e7\u00e3o: cor, tamanho, embalagem, logotipo.<\/p>","protected":false},"featured_media":2641,"template":"","meta":[],"product_brand":[],"product_cat":[24],"product_tag":[],"class_list":{"0":"post-2640","1":"product","2":"type-product","3":"status-publish","4":"has-post-thumbnail","6":"product_cat-pour-over-kettle","8":"first","9":"instock","10":"shipping-taxable","11":"product-type-simple"},"_links":{"self":[{"href":"https:\/\/pocencoffee.com\/pt\/wp-json\/wp\/v2\/product\/2640","targetHints":{"allow":["GET"]}}],"collection":[{"href":"https:\/\/pocencoffee.com\/pt\/wp-json\/wp\/v2\/product"}],"about":[{"href":"https:\/\/pocencoffee.com\/pt\/wp-json\/wp\/v2\/types\/product"}],"version-history":[{"count":2,"href":"https:\/\/pocencoffee.com\/pt\/wp-json\/wp\/v2\/product\/2640\/revisions"}],"predecessor-version":[{"id":2647,"href":"https:\/\/pocencoffee.com\/pt\/wp-json\/wp\/v2\/product\/2640\/revisions\/2647"}],"wp:featuredmedia":[{"embeddable":true,"href":"https:\/\/pocencoffee.com\/pt\/wp-json\/wp\/v2\/media\/2641"}],"wp:attachment":[{"href":"https:\/\/pocencoffee.com\/pt\/wp-json\/wp\/v2\/media?parent=2640"}],"wp:term":[{"taxonomy":"product_brand","embeddable":true,"href":"https:\/\/pocencoffee.com\/pt\/wp-json\/wp\/v2\/product_brand?post=2640"},{"taxonomy":"product_cat","embeddable":true,"href":"https:\/\/pocencoffee.com\/pt\/wp-json\/wp\/v2\/product_cat?post=2640"},{"taxonomy":"product_tag","embeddable":true,"href":"https:\/\/pocencoffee.com\/pt\/wp-json\/wp\/v2\/product_tag?post=2640"}],"curies":[{"name":"wp","href":"https:\/\/api.w.org\/{rel}","templated":true}]}}