{"id":2653,"date":"2024-04-25T02:58:48","date_gmt":"2024-04-25T09:58:48","guid":{"rendered":"https:\/\/pocencoffee.com\/?post_type=product&#038;p=2653"},"modified":"2024-04-25T03:03:12","modified_gmt":"2024-04-25T10:03:12","slug":"o-mais-vendido-em-cafeteiras-manuais","status":"publish","type":"product","link":"https:\/\/pocencoffee.com\/pt\/produto\/o-mais-vendido-em-cafeteiras-manuais\/","title":{"rendered":"O mais vendido em cafeteiras manuais"},"content":{"rendered":"<p><strong>O mais vendido em cafeteiras manuais<\/strong><\/p>\n<p>Esta chaleira tem um design perfeito para o bico e a al\u00e7a de servir.<\/p>\n<p>O pesco\u00e7o longo e o \u00e2ngulo perfeito do bico de vazamento proporcionam um bom controle sobre o fluxo de \u00e1gua.<\/p>\n<p>A al\u00e7a \u00e9 adequada para segurar com a m\u00e3o e ajusta a a\u00e7\u00e3o de servir.<\/p>\n<p><img fetchpriority=\"high\" decoding=\"async\" class=\"alignnone size-medium wp-image-2658\" src=\"https:\/\/pocencoffee.com\/wp-content\/uploads\/2024\/04\/HDB-3-colors-300x187.jpg\" alt=\"\" width=\"300\" height=\"187\" title=\"\" srcset=\"https:\/\/pocencoffee.com\/wp-content\/uploads\/2024\/04\/HDB-3-colors-300x187.jpg 300w, https:\/\/pocencoffee.com\/wp-content\/uploads\/2024\/04\/HDB-3-colors-768x478.jpg 768w, https:\/\/pocencoffee.com\/wp-content\/uploads\/2024\/04\/HDB-3-colors-600x374.jpg 600w, https:\/\/pocencoffee.com\/wp-content\/uploads\/2024\/04\/HDB-3-colors.jpg 862w\" sizes=\"(max-width: 300px) 100vw, 300px\" \/> <img decoding=\"async\" class=\"alignnone  wp-image-2659\" src=\"https:\/\/pocencoffee.com\/wp-content\/uploads\/2024\/04\/HDB-with-anti-heat-handle-300x300.jpg\" alt=\"\" width=\"182\" height=\"182\" title=\"\" srcset=\"https:\/\/pocencoffee.com\/wp-content\/uploads\/2024\/04\/HDB-with-anti-heat-handle-300x300.jpg 300w, https:\/\/pocencoffee.com\/wp-content\/uploads\/2024\/04\/HDB-with-anti-heat-handle-150x150.jpg 150w, https:\/\/pocencoffee.com\/wp-content\/uploads\/2024\/04\/HDB-with-anti-heat-handle-100x100.jpg 100w, https:\/\/pocencoffee.com\/wp-content\/uploads\/2024\/04\/HDB-with-anti-heat-handle.jpg 600w\" sizes=\"(max-width: 182px) 100vw, 182px\" \/><\/p>","protected":false},"excerpt":{"rendered":"<p>Chaleira de caf\u00e9 para entrega<\/p>\n<p>Normas: LFGB, FDA. .<\/p>\n<p>Material: A\u00e7o inoxid\u00e1vel 304<\/p>\n<p>Capacidade: 350 ml; 650 ml.<\/p>\n<p>Cor: personalizada.<\/p>\n<p>Personaliza\u00e7\u00e3o: cor, tamanho, embalagem, logotipo.<\/p>","protected":false},"featured_media":2654,"template":"","meta":[],"product_brand":[],"product_cat":[24],"product_tag":[],"class_list":{"0":"post-2653","1":"product","2":"type-product","3":"status-publish","4":"has-post-thumbnail","6":"product_cat-pour-over-kettle","8":"first","9":"instock","10":"shipping-taxable","11":"product-type-simple"},"_links":{"self":[{"href":"https:\/\/pocencoffee.com\/pt\/wp-json\/wp\/v2\/product\/2653","targetHints":{"allow":["GET"]}}],"collection":[{"href":"https:\/\/pocencoffee.com\/pt\/wp-json\/wp\/v2\/product"}],"about":[{"href":"https:\/\/pocencoffee.com\/pt\/wp-json\/wp\/v2\/types\/product"}],"version-history":[{"count":1,"href":"https:\/\/pocencoffee.com\/pt\/wp-json\/wp\/v2\/product\/2653\/revisions"}],"predecessor-version":[{"id":2660,"href":"https:\/\/pocencoffee.com\/pt\/wp-json\/wp\/v2\/product\/2653\/revisions\/2660"}],"wp:featuredmedia":[{"embeddable":true,"href":"https:\/\/pocencoffee.com\/pt\/wp-json\/wp\/v2\/media\/2654"}],"wp:attachment":[{"href":"https:\/\/pocencoffee.com\/pt\/wp-json\/wp\/v2\/media?parent=2653"}],"wp:term":[{"taxonomy":"product_brand","embeddable":true,"href":"https:\/\/pocencoffee.com\/pt\/wp-json\/wp\/v2\/product_brand?post=2653"},{"taxonomy":"product_cat","embeddable":true,"href":"https:\/\/pocencoffee.com\/pt\/wp-json\/wp\/v2\/product_cat?post=2653"},{"taxonomy":"product_tag","embeddable":true,"href":"https:\/\/pocencoffee.com\/pt\/wp-json\/wp\/v2\/product_tag?post=2653"}],"curies":[{"name":"wp","href":"https:\/\/api.w.org\/{rel}","templated":true}]}}