{"id":2661,"date":"2024-04-25T03:07:45","date_gmt":"2024-04-25T10:07:45","guid":{"rendered":"https:\/\/pocencoffee.com\/?post_type=product&#038;p=2661"},"modified":"2024-04-25T03:12:32","modified_gmt":"2024-04-25T10:12:32","slug":"chaleira-para-cafe-totalmente-em-aco-inoxidavel-com-capacidade-para-1000-ml","status":"publish","type":"product","link":"https:\/\/pocencoffee.com\/pt\/produto\/chaleira-para-cafe-totalmente-em-aco-inoxidavel-com-capacidade-para-1000-ml\/","title":{"rendered":"Chaleira para caf\u00e9 totalmente em a\u00e7o inoxid\u00e1vel com capacidade para 1000 ml"},"content":{"rendered":"<p><strong>Chaleira para caf\u00e9 totalmente em a\u00e7o inoxid\u00e1vel com capacidade para 1000 ml<\/strong><\/p>\n<p>Esta chaleira tem um design perfeito para o bico e a al\u00e7a de servir.<\/p>\n<p>A al\u00e7a \u00e9 adequada para segurar com a m\u00e3o e ajusta a a\u00e7\u00e3o de servir.<\/p>\n<p>A grande capacidade \u00e9 suficiente para servir 3 x\u00edcaras de caf\u00e9.<\/p>\n<p>&nbsp;<\/p>","protected":false},"excerpt":{"rendered":"<p>\u00c9 uma chaleira com grande capacidade para servir caf\u00e9 manualmente.<\/p>\n<p>Normas: LFGB, FDA. .<\/p>\n<p>Material: A\u00e7o inoxid\u00e1vel 304.<\/p>\n<p>Capacidade: 1000 ml<\/p>\n<p>Cor: personalizada.<\/p>\n<p>Personaliza\u00e7\u00e3o: cor, tamanho, embalagem, logotipo.<\/p>","protected":false},"featured_media":2662,"template":"","meta":[],"product_brand":[],"product_cat":[24],"product_tag":[],"class_list":{"0":"post-2661","1":"product","2":"type-product","3":"status-publish","4":"has-post-thumbnail","6":"product_cat-pour-over-kettle","8":"first","9":"instock","10":"shipping-taxable","11":"product-type-simple"},"_links":{"self":[{"href":"https:\/\/pocencoffee.com\/pt\/wp-json\/wp\/v2\/product\/2661","targetHints":{"allow":["GET"]}}],"collection":[{"href":"https:\/\/pocencoffee.com\/pt\/wp-json\/wp\/v2\/product"}],"about":[{"href":"https:\/\/pocencoffee.com\/pt\/wp-json\/wp\/v2\/types\/product"}],"version-history":[{"count":1,"href":"https:\/\/pocencoffee.com\/pt\/wp-json\/wp\/v2\/product\/2661\/revisions"}],"predecessor-version":[{"id":2667,"href":"https:\/\/pocencoffee.com\/pt\/wp-json\/wp\/v2\/product\/2661\/revisions\/2667"}],"wp:featuredmedia":[{"embeddable":true,"href":"https:\/\/pocencoffee.com\/pt\/wp-json\/wp\/v2\/media\/2662"}],"wp:attachment":[{"href":"https:\/\/pocencoffee.com\/pt\/wp-json\/wp\/v2\/media?parent=2661"}],"wp:term":[{"taxonomy":"product_brand","embeddable":true,"href":"https:\/\/pocencoffee.com\/pt\/wp-json\/wp\/v2\/product_brand?post=2661"},{"taxonomy":"product_cat","embeddable":true,"href":"https:\/\/pocencoffee.com\/pt\/wp-json\/wp\/v2\/product_cat?post=2661"},{"taxonomy":"product_tag","embeddable":true,"href":"https:\/\/pocencoffee.com\/pt\/wp-json\/wp\/v2\/product_tag?post=2661"}],"curies":[{"name":"wp","href":"https:\/\/api.w.org\/{rel}","templated":true}]}}