{"id":2690,"date":"2024-04-26T07:12:17","date_gmt":"2024-04-26T14:12:17","guid":{"rendered":"https:\/\/pocencoffee.com\/?post_type=product&#038;p=2690"},"modified":"2024-04-26T07:19:55","modified_gmt":"2024-04-26T14:19:55","slug":"moinho-de-cafe-manual-de-qualidade-premiun","status":"publish","type":"product","link":"https:\/\/pocencoffee.com\/pt\/produto\/moinho-de-cafe-manual-de-qualidade-premiun\/","title":{"rendered":"Moinho de caf\u00e9 manual de qualidade premium"},"content":{"rendered":"<p><strong>Moinho de caf\u00e9 manual de qualidade premium<\/strong><\/p>\n<p>Moedor de caf\u00e9, ajustando o parafuso para moer caf\u00e9 mo\u00eddo grosso ou fino.<\/p>\n<p>H\u00e1 12 pontos de ajuste.<\/p>\n<p>A retifica\u00e7\u00e3o do n\u00facleo \u00e9 feita em a\u00e7o inoxid\u00e1vel 420 por CNC, com produ\u00e7\u00e3o de alto valor. Al\u00e9m de boa dureza para garantir a vida \u00fatil do n\u00facleo.<\/p>\n<p><img fetchpriority=\"high\" decoding=\"async\" class=\"alignnone size-medium wp-image-2687\" src=\"https:\/\/pocencoffee.com\/wp-content\/uploads\/2024\/04\/567stars-grinder-300x229.jpg\" alt=\"\" width=\"300\" height=\"229\" title=\"\" srcset=\"https:\/\/pocencoffee.com\/wp-content\/uploads\/2024\/04\/567stars-grinder-300x229.jpg 300w, https:\/\/pocencoffee.com\/wp-content\/uploads\/2024\/04\/567stars-grinder-768x586.jpg 768w, https:\/\/pocencoffee.com\/wp-content\/uploads\/2024\/04\/567stars-grinder-600x458.jpg 600w, https:\/\/pocencoffee.com\/wp-content\/uploads\/2024\/04\/567stars-grinder.jpg 800w\" sizes=\"(max-width: 300px) 100vw, 300px\" \/><\/p>","protected":false},"excerpt":{"rendered":"<p><strong>moedor de caf\u00e9 manual<\/strong><\/p>\n<p>Material: liga de alum\u00ednio, moedor de a\u00e7o inoxid\u00e1vel 420; bot\u00e3o de madeira.<\/p>\n<p>Capacidade: M\u00e1x. 25g de gr\u00e3os de caf\u00e9.<\/p>\n<p>Cor: preto, verde, prateado.<\/p>\n<p>Personaliza\u00e7\u00e3o: logotipo, cor, embalagem.<\/p>","protected":false},"featured_media":2694,"template":"","meta":[],"product_brand":[],"product_cat":[27],"product_tag":[],"class_list":{"0":"post-2690","1":"product","2":"type-product","3":"status-publish","4":"has-post-thumbnail","6":"product_cat-manual-coffee-grinder","8":"first","9":"instock","10":"shipping-taxable","11":"product-type-simple"},"_links":{"self":[{"href":"https:\/\/pocencoffee.com\/pt\/wp-json\/wp\/v2\/product\/2690","targetHints":{"allow":["GET"]}}],"collection":[{"href":"https:\/\/pocencoffee.com\/pt\/wp-json\/wp\/v2\/product"}],"about":[{"href":"https:\/\/pocencoffee.com\/pt\/wp-json\/wp\/v2\/types\/product"}],"version-history":[{"count":1,"href":"https:\/\/pocencoffee.com\/pt\/wp-json\/wp\/v2\/product\/2690\/revisions"}],"predecessor-version":[{"id":2695,"href":"https:\/\/pocencoffee.com\/pt\/wp-json\/wp\/v2\/product\/2690\/revisions\/2695"}],"wp:featuredmedia":[{"embeddable":true,"href":"https:\/\/pocencoffee.com\/pt\/wp-json\/wp\/v2\/media\/2694"}],"wp:attachment":[{"href":"https:\/\/pocencoffee.com\/pt\/wp-json\/wp\/v2\/media?parent=2690"}],"wp:term":[{"taxonomy":"product_brand","embeddable":true,"href":"https:\/\/pocencoffee.com\/pt\/wp-json\/wp\/v2\/product_brand?post=2690"},{"taxonomy":"product_cat","embeddable":true,"href":"https:\/\/pocencoffee.com\/pt\/wp-json\/wp\/v2\/product_cat?post=2690"},{"taxonomy":"product_tag","embeddable":true,"href":"https:\/\/pocencoffee.com\/pt\/wp-json\/wp\/v2\/product_tag?post=2690"}],"curies":[{"name":"wp","href":"https:\/\/api.w.org\/{rel}","templated":true}]}}