{"id":2707,"date":"2024-04-26T08:14:56","date_gmt":"2024-04-26T15:14:56","guid":{"rendered":"https:\/\/pocencoffee.com\/?post_type=product&#038;p=2707"},"modified":"2024-04-26T08:14:56","modified_gmt":"2024-04-26T15:14:56","slug":"organizador-de-copos-e-tampas-com-4-compartimentos-inclinados","status":"publish","type":"product","link":"https:\/\/pocencoffee.com\/pt\/produto\/organizador-de-copos-e-tampas-com-4-compartimentos-inclinados\/","title":{"rendered":"Organizador de copos e tampas com 4 compartimentos inclinados"},"content":{"rendered":"<p><strong>4 se\u00e7\u00f5es de organizadores inclinados para copos e tampas<\/strong><\/p>\n<p>Este organizador de mesa foi projetado com 4 lugares para guardar copos e tampas. Ele ajuda caf\u00e9s, lojas, restaurantes, salas de descanso de empresas e lojas de bebidas a manter suas bancadas organizadas e arrumadas.<\/p>\n<p>O tamanho deste porta-copos \u00e9 adequado para a maioria das mesas. Por isso, \u00e9 o mais vendido na categoria de organizadores.<\/p>\n<p><img fetchpriority=\"high\" decoding=\"async\" class=\"alignnone size-medium wp-image-2708\" src=\"https:\/\/pocencoffee.com\/wp-content\/uploads\/2024\/04\/CSA04-SIZE-300x300.jpg\" alt=\"\" width=\"300\" height=\"300\" title=\"\" srcset=\"https:\/\/pocencoffee.com\/wp-content\/uploads\/2024\/04\/CSA04-SIZE-300x300.jpg 300w, https:\/\/pocencoffee.com\/wp-content\/uploads\/2024\/04\/CSA04-SIZE-150x150.jpg 150w, https:\/\/pocencoffee.com\/wp-content\/uploads\/2024\/04\/CSA04-SIZE-100x100.jpg 100w, https:\/\/pocencoffee.com\/wp-content\/uploads\/2024\/04\/CSA04-SIZE.jpg 600w\" sizes=\"(max-width: 300px) 100vw, 300px\" \/><\/p>","protected":false},"excerpt":{"rendered":"<p>Porta-copos para bancada e organizadores de copos e tampas<\/p>\n<p>Material: pl\u00e1stico ABS.<\/p>\n<p>Tamanho: 38,6 \u00d7 29,5 \u00d7 20 \u00d7 45 cm<\/p>\n<p>Logotipo: utilizando serigrafia.<\/p>\n<p>Cor: preto, vermelho, marrom ou personalizado.<\/p>","protected":false},"featured_media":2709,"template":"","meta":[],"product_brand":[],"product_cat":[28],"product_tag":[],"class_list":{"0":"post-2707","1":"product","2":"type-product","3":"status-publish","4":"has-post-thumbnail","6":"product_cat-more-tools","8":"first","9":"instock","10":"shipping-taxable","11":"product-type-simple"},"_links":{"self":[{"href":"https:\/\/pocencoffee.com\/pt\/wp-json\/wp\/v2\/product\/2707","targetHints":{"allow":["GET"]}}],"collection":[{"href":"https:\/\/pocencoffee.com\/pt\/wp-json\/wp\/v2\/product"}],"about":[{"href":"https:\/\/pocencoffee.com\/pt\/wp-json\/wp\/v2\/types\/product"}],"version-history":[{"count":1,"href":"https:\/\/pocencoffee.com\/pt\/wp-json\/wp\/v2\/product\/2707\/revisions"}],"predecessor-version":[{"id":2714,"href":"https:\/\/pocencoffee.com\/pt\/wp-json\/wp\/v2\/product\/2707\/revisions\/2714"}],"wp:featuredmedia":[{"embeddable":true,"href":"https:\/\/pocencoffee.com\/pt\/wp-json\/wp\/v2\/media\/2709"}],"wp:attachment":[{"href":"https:\/\/pocencoffee.com\/pt\/wp-json\/wp\/v2\/media?parent=2707"}],"wp:term":[{"taxonomy":"product_brand","embeddable":true,"href":"https:\/\/pocencoffee.com\/pt\/wp-json\/wp\/v2\/product_brand?post=2707"},{"taxonomy":"product_cat","embeddable":true,"href":"https:\/\/pocencoffee.com\/pt\/wp-json\/wp\/v2\/product_cat?post=2707"},{"taxonomy":"product_tag","embeddable":true,"href":"https:\/\/pocencoffee.com\/pt\/wp-json\/wp\/v2\/product_tag?post=2707"}],"curies":[{"name":"wp","href":"https:\/\/api.w.org\/{rel}","templated":true}]}}