{"id":2741,"date":"2024-04-26T22:27:26","date_gmt":"2024-04-27T05:27:26","guid":{"rendered":"https:\/\/pocencoffee.com\/?post_type=product&#038;p=2741"},"modified":"2024-04-26T22:34:08","modified_gmt":"2024-04-27T05:34:08","slug":"organizador-de-porta-copos-giratorio-com-design-perfeito","status":"publish","type":"product","link":"https:\/\/pocencoffee.com\/pt\/produto\/organizador-de-porta-copos-giratorio-com-design-perfeito\/","title":{"rendered":"Organizador girat\u00f3rio para copos com design perfeito"},"content":{"rendered":"<p><strong>Organizador girat\u00f3rio para copos com design perfeito<\/strong><\/p>\n<p>Este organizador de mesa foi concebido com quatro sec\u00e7\u00f5es para guardar copos de papel.<\/p>\n<p>\u00c9 adequado para a cafeteria, sala de descanso da empresa, um pequeno caf\u00e9 ou qualquer lugar que precise de copos de papel.<\/p>\n<p>Ele mant\u00e9m o tampo da mesa limpo e organizado.<\/p>\n<p><img fetchpriority=\"high\" decoding=\"async\" class=\"alignnone size-medium wp-image-2742\" src=\"https:\/\/pocencoffee.com\/wp-content\/uploads\/2024\/04\/CSG04-300x300.jpg\" alt=\"\" width=\"300\" height=\"300\" title=\"\" srcset=\"https:\/\/pocencoffee.com\/wp-content\/uploads\/2024\/04\/CSG04-300x300.jpg 300w, https:\/\/pocencoffee.com\/wp-content\/uploads\/2024\/04\/CSG04-150x150.jpg 150w, https:\/\/pocencoffee.com\/wp-content\/uploads\/2024\/04\/CSG04-100x100.jpg 100w, https:\/\/pocencoffee.com\/wp-content\/uploads\/2024\/04\/CSG04.jpg 600w\" sizes=\"(max-width: 300px) 100vw, 300px\" \/><\/p>","protected":false},"excerpt":{"rendered":"<p><strong>Suporte para copos descart\u00e1veis de caf\u00e9, organizador de porta-copos girat\u00f3rio<\/strong><\/p>\n<p>Material: pl\u00e1stico ABS.<\/p>\n<p>Logotipo: utilizando serigrafia.<\/p>\n<p>Cor: preto, vermelho, marrom ou personalizado.<\/p>","protected":false},"featured_media":2743,"template":"","meta":[],"product_brand":[],"product_cat":[28],"product_tag":[],"class_list":{"0":"post-2741","1":"product","2":"type-product","3":"status-publish","4":"has-post-thumbnail","6":"product_cat-more-tools","8":"first","9":"instock","10":"shipping-taxable","11":"product-type-simple"},"_links":{"self":[{"href":"https:\/\/pocencoffee.com\/pt\/wp-json\/wp\/v2\/product\/2741","targetHints":{"allow":["GET"]}}],"collection":[{"href":"https:\/\/pocencoffee.com\/pt\/wp-json\/wp\/v2\/product"}],"about":[{"href":"https:\/\/pocencoffee.com\/pt\/wp-json\/wp\/v2\/types\/product"}],"version-history":[{"count":1,"href":"https:\/\/pocencoffee.com\/pt\/wp-json\/wp\/v2\/product\/2741\/revisions"}],"predecessor-version":[{"id":2746,"href":"https:\/\/pocencoffee.com\/pt\/wp-json\/wp\/v2\/product\/2741\/revisions\/2746"}],"wp:featuredmedia":[{"embeddable":true,"href":"https:\/\/pocencoffee.com\/pt\/wp-json\/wp\/v2\/media\/2743"}],"wp:attachment":[{"href":"https:\/\/pocencoffee.com\/pt\/wp-json\/wp\/v2\/media?parent=2741"}],"wp:term":[{"taxonomy":"product_brand","embeddable":true,"href":"https:\/\/pocencoffee.com\/pt\/wp-json\/wp\/v2\/product_brand?post=2741"},{"taxonomy":"product_cat","embeddable":true,"href":"https:\/\/pocencoffee.com\/pt\/wp-json\/wp\/v2\/product_cat?post=2741"},{"taxonomy":"product_tag","embeddable":true,"href":"https:\/\/pocencoffee.com\/pt\/wp-json\/wp\/v2\/product_tag?post=2741"}],"curies":[{"name":"wp","href":"https:\/\/api.w.org\/{rel}","templated":true}]}}