{"id":2771,"date":"2024-04-28T06:49:47","date_gmt":"2024-04-28T13:49:47","guid":{"rendered":"https:\/\/pocencoffee.com\/?post_type=product&#038;p=2771"},"modified":"2024-04-28T06:54:45","modified_gmt":"2024-04-28T13:54:45","slug":"xicara-de-cafe-com-cabo-de-madeira","status":"publish","type":"product","link":"https:\/\/pocencoffee.com\/pt\/produto\/xicara-de-cafe-com-cabo-de-madeira\/","title":{"rendered":"X\u00edcara de caf\u00e9 com cabo de madeira"},"content":{"rendered":"<p><strong>X\u00edcara de caf\u00e9 com cabo de madeira<\/strong><\/p>\n<p>Vidro com alto teor de borosilicato: esse material pode aceitar bebidas quentes e frias.<\/p>\n<p>Impress\u00f5es de copos de vidro com capacidades de Oz e ML.<\/p>\n<p>Os copos de vidro t\u00eam dois tipos de design de fundo: um com fundo fino e outro com fundo grosso.<\/p>\n<p>O fundo grosso \u00e9 mais popular. Se voc\u00ea quiser importar e levar o shot de vidro para os consumidores, empresas ou lojas do seu mercado, considere o fundo grosso.<\/p>\n<p><img fetchpriority=\"high\" decoding=\"async\" class=\"alignnone size-medium wp-image-2772\" src=\"https:\/\/pocencoffee.com\/wp-content\/uploads\/2024\/04\/CGE-size-300x300.jpg\" alt=\"\" width=\"300\" height=\"300\" title=\"\" srcset=\"https:\/\/pocencoffee.com\/wp-content\/uploads\/2024\/04\/CGE-size-300x300.jpg 300w, https:\/\/pocencoffee.com\/wp-content\/uploads\/2024\/04\/CGE-size-150x150.jpg 150w, https:\/\/pocencoffee.com\/wp-content\/uploads\/2024\/04\/CGE-size-100x100.jpg 100w, https:\/\/pocencoffee.com\/wp-content\/uploads\/2024\/04\/CGE-size.jpg 600w\" sizes=\"(max-width: 300px) 100vw, 300px\" \/><\/p>\n<p>&nbsp;<\/p>","protected":false},"excerpt":{"rendered":"<p><strong>X\u00edcara de caf\u00e9<\/strong><\/p>\n<p>Material: vidro com alto teor de borosilicato;<\/p>\n<p>Capacidade: 70 ml,<\/p>","protected":false},"featured_media":2773,"template":"","meta":[],"product_brand":[],"product_cat":[28],"product_tag":[],"class_list":{"0":"post-2771","1":"product","2":"type-product","3":"status-publish","4":"has-post-thumbnail","6":"product_cat-more-tools","8":"first","9":"instock","10":"shipping-taxable","11":"product-type-simple"},"_links":{"self":[{"href":"https:\/\/pocencoffee.com\/pt\/wp-json\/wp\/v2\/product\/2771","targetHints":{"allow":["GET"]}}],"collection":[{"href":"https:\/\/pocencoffee.com\/pt\/wp-json\/wp\/v2\/product"}],"about":[{"href":"https:\/\/pocencoffee.com\/pt\/wp-json\/wp\/v2\/types\/product"}],"version-history":[{"count":1,"href":"https:\/\/pocencoffee.com\/pt\/wp-json\/wp\/v2\/product\/2771\/revisions"}],"predecessor-version":[{"id":2780,"href":"https:\/\/pocencoffee.com\/pt\/wp-json\/wp\/v2\/product\/2771\/revisions\/2780"}],"wp:featuredmedia":[{"embeddable":true,"href":"https:\/\/pocencoffee.com\/pt\/wp-json\/wp\/v2\/media\/2773"}],"wp:attachment":[{"href":"https:\/\/pocencoffee.com\/pt\/wp-json\/wp\/v2\/media?parent=2771"}],"wp:term":[{"taxonomy":"product_brand","embeddable":true,"href":"https:\/\/pocencoffee.com\/pt\/wp-json\/wp\/v2\/product_brand?post=2771"},{"taxonomy":"product_cat","embeddable":true,"href":"https:\/\/pocencoffee.com\/pt\/wp-json\/wp\/v2\/product_cat?post=2771"},{"taxonomy":"product_tag","embeddable":true,"href":"https:\/\/pocencoffee.com\/pt\/wp-json\/wp\/v2\/product_tag?post=2771"}],"curies":[{"name":"wp","href":"https:\/\/api.w.org\/{rel}","templated":true}]}}