{"id":2781,"date":"2024-04-28T07:00:56","date_gmt":"2024-04-28T14:00:56","guid":{"rendered":"https:\/\/pocencoffee.com\/?post_type=product&#038;p=2781"},"modified":"2024-04-28T07:00:56","modified_gmt":"2024-04-28T14:00:56","slug":"escova-de-limpeza-2-em-1-para-maquina-de-cafe-expresso","status":"publish","type":"product","link":"https:\/\/pocencoffee.com\/pt\/produto\/escova-de-limpeza-2-em-1-para-maquina-de-cafe-expresso\/","title":{"rendered":"Escova de limpeza 2 em 1 para m\u00e1quina de caf\u00e9 expresso"},"content":{"rendered":"<p><strong>Escova de limpeza 2 em 1 para m\u00e1quina de caf\u00e9 expresso<\/strong><\/p>\n<p>H\u00e1 dois tipos de cabe\u00e7as de escova de limpeza. Ela oferece o melhor suporte para limpar diferentes \u00e2ngulos da m\u00e1quina de caf\u00e9 expresso.<\/p>\n<p>Ele pode ser embalado em um conjunto com um cabe\u00e7ote de limpeza de 51 mm ou 58 mm.<\/p>\n<p><img fetchpriority=\"high\" decoding=\"async\" class=\"alignnone size-medium wp-image-2784\" src=\"https:\/\/pocencoffee.com\/wp-content\/uploads\/2024\/04\/Brush-B-packaging-300x300.jpg\" alt=\"\" width=\"300\" height=\"300\" title=\"\" srcset=\"https:\/\/pocencoffee.com\/wp-content\/uploads\/2024\/04\/Brush-B-packaging-300x300.jpg 300w, https:\/\/pocencoffee.com\/wp-content\/uploads\/2024\/04\/Brush-B-packaging-150x150.jpg 150w, https:\/\/pocencoffee.com\/wp-content\/uploads\/2024\/04\/Brush-B-packaging-100x100.jpg 100w, https:\/\/pocencoffee.com\/wp-content\/uploads\/2024\/04\/Brush-B-packaging.jpg 600w\" sizes=\"(max-width: 300px) 100vw, 300px\" \/><\/p>","protected":false},"excerpt":{"rendered":"<p>Escova de limpeza da m\u00e1quina de caf\u00e9<\/p>\n<p>Material: Cabo de pl\u00e1stico, escovas de nylon.<\/p>\n<p>Embalagem: 1 unidade\/saco;<\/p>\n<p>Cor: como na foto.<\/p>\n<p>Logotipo: serigrafia branca.<\/p>","protected":false},"featured_media":2782,"template":"","meta":[],"product_brand":[],"product_cat":[28],"product_tag":[],"class_list":{"0":"post-2781","1":"product","2":"type-product","3":"status-publish","4":"has-post-thumbnail","6":"product_cat-more-tools","8":"first","9":"instock","10":"shipping-taxable","11":"product-type-simple"},"_links":{"self":[{"href":"https:\/\/pocencoffee.com\/pt\/wp-json\/wp\/v2\/product\/2781","targetHints":{"allow":["GET"]}}],"collection":[{"href":"https:\/\/pocencoffee.com\/pt\/wp-json\/wp\/v2\/product"}],"about":[{"href":"https:\/\/pocencoffee.com\/pt\/wp-json\/wp\/v2\/types\/product"}],"version-history":[{"count":1,"href":"https:\/\/pocencoffee.com\/pt\/wp-json\/wp\/v2\/product\/2781\/revisions"}],"predecessor-version":[{"id":2785,"href":"https:\/\/pocencoffee.com\/pt\/wp-json\/wp\/v2\/product\/2781\/revisions\/2785"}],"wp:featuredmedia":[{"embeddable":true,"href":"https:\/\/pocencoffee.com\/pt\/wp-json\/wp\/v2\/media\/2782"}],"wp:attachment":[{"href":"https:\/\/pocencoffee.com\/pt\/wp-json\/wp\/v2\/media?parent=2781"}],"wp:term":[{"taxonomy":"product_brand","embeddable":true,"href":"https:\/\/pocencoffee.com\/pt\/wp-json\/wp\/v2\/product_brand?post=2781"},{"taxonomy":"product_cat","embeddable":true,"href":"https:\/\/pocencoffee.com\/pt\/wp-json\/wp\/v2\/product_cat?post=2781"},{"taxonomy":"product_tag","embeddable":true,"href":"https:\/\/pocencoffee.com\/pt\/wp-json\/wp\/v2\/product_tag?post=2781"}],"curies":[{"name":"wp","href":"https:\/\/api.w.org\/{rel}","templated":true}]}}