{"id":2786,"date":"2024-04-28T07:01:17","date_gmt":"2024-04-28T14:01:17","guid":{"rendered":"https:\/\/pocencoffee.com\/?post_type=product&#038;p=2786"},"modified":"2024-04-28T07:07:02","modified_gmt":"2024-04-28T14:07:02","slug":"cabeca-de-limpeza-para-cafe-de-51-mm-e-58-mm","status":"publish","type":"product","link":"https:\/\/pocencoffee.com\/pt\/produto\/cabeca-de-limpeza-para-cafe-de-51-mm-e-58-mm\/","title":{"rendered":"Cabe\u00e7a de limpeza para caf\u00e9 de 51 mm e 58 mm"},"content":{"rendered":"<p><strong>Cabe\u00e7a de limpeza para caf\u00e9 de 51 mm e 58 mm<\/strong><\/p>\n<p>A cabe\u00e7a de escova limpa de 51 mm \u00e9 adequada para portafiltros de 51 a 53 mm, e a cabe\u00e7a de escova limpa de 57 mm \u00e9 adequada para portafiltros de 58 mm.<\/p>\n<p>Ele pode ser embalado em um conjunto com uma escova de limpeza 2 em 1.<\/p>\n<p><img fetchpriority=\"high\" decoding=\"async\" class=\"alignnone size-medium wp-image-2784\" src=\"https:\/\/pocencoffee.com\/wp-content\/uploads\/2024\/04\/Brush-B-packaging-300x300.jpg\" alt=\"\" width=\"300\" height=\"300\" title=\"\" srcset=\"https:\/\/pocencoffee.com\/wp-content\/uploads\/2024\/04\/Brush-B-packaging-300x300.jpg 300w, https:\/\/pocencoffee.com\/wp-content\/uploads\/2024\/04\/Brush-B-packaging-150x150.jpg 150w, https:\/\/pocencoffee.com\/wp-content\/uploads\/2024\/04\/Brush-B-packaging-100x100.jpg 100w, https:\/\/pocencoffee.com\/wp-content\/uploads\/2024\/04\/Brush-B-packaging.jpg 600w\" sizes=\"(max-width: 300px) 100vw, 300px\" \/><\/p>","protected":false},"excerpt":{"rendered":"<p>Cabe\u00e7a limpa de caf\u00e9<\/p>\n<p>Material: Cabo de pl\u00e1stico, escovas de nylon.<\/p>\n<p>Embalagem: 1 unidade\/saco;<\/p>\n<p>Cor: conforme a imagem.<\/p>\n<p>Logotipo: serigrafia branca.<\/p>","protected":false},"featured_media":2787,"template":"","meta":[],"product_brand":[],"product_cat":[28],"product_tag":[],"class_list":{"0":"post-2786","1":"product","2":"type-product","3":"status-publish","4":"has-post-thumbnail","6":"product_cat-more-tools","8":"first","9":"instock","10":"shipping-taxable","11":"product-type-simple"},"_links":{"self":[{"href":"https:\/\/pocencoffee.com\/pt\/wp-json\/wp\/v2\/product\/2786","targetHints":{"allow":["GET"]}}],"collection":[{"href":"https:\/\/pocencoffee.com\/pt\/wp-json\/wp\/v2\/product"}],"about":[{"href":"https:\/\/pocencoffee.com\/pt\/wp-json\/wp\/v2\/types\/product"}],"version-history":[{"count":1,"href":"https:\/\/pocencoffee.com\/pt\/wp-json\/wp\/v2\/product\/2786\/revisions"}],"predecessor-version":[{"id":2788,"href":"https:\/\/pocencoffee.com\/pt\/wp-json\/wp\/v2\/product\/2786\/revisions\/2788"}],"wp:featuredmedia":[{"embeddable":true,"href":"https:\/\/pocencoffee.com\/pt\/wp-json\/wp\/v2\/media\/2787"}],"wp:attachment":[{"href":"https:\/\/pocencoffee.com\/pt\/wp-json\/wp\/v2\/media?parent=2786"}],"wp:term":[{"taxonomy":"product_brand","embeddable":true,"href":"https:\/\/pocencoffee.com\/pt\/wp-json\/wp\/v2\/product_brand?post=2786"},{"taxonomy":"product_cat","embeddable":true,"href":"https:\/\/pocencoffee.com\/pt\/wp-json\/wp\/v2\/product_cat?post=2786"},{"taxonomy":"product_tag","embeddable":true,"href":"https:\/\/pocencoffee.com\/pt\/wp-json\/wp\/v2\/product_tag?post=2786"}],"curies":[{"name":"wp","href":"https:\/\/api.w.org\/{rel}","templated":true}]}}