{"id":2789,"date":"2024-04-28T07:16:21","date_gmt":"2024-04-28T14:16:21","guid":{"rendered":"https:\/\/pocencoffee.com\/?post_type=product&#038;p=2789"},"modified":"2024-04-28T07:31:13","modified_gmt":"2024-04-28T14:31:13","slug":"moedores-e-maquinas-de-cafe-escova","status":"publish","type":"product","link":"https:\/\/pocencoffee.com\/pt\/produto\/moedores-e-maquinas-de-cafe-escova\/","title":{"rendered":"Moedores e m\u00e1quinas de caf\u00e9 escova"},"content":{"rendered":"<p><strong>Moedores e m\u00e1quinas de caf\u00e9 escova<\/strong><\/p>\n<p>\u00c9 o design mais cl\u00e1ssico da escova de limpeza da m\u00e1quina de caf\u00e9 expresso.<\/p>\n<p>Pode limpar todos os \u00e2ngulos da m\u00e1quina de caf\u00e9 expresso.<\/p>\n<p><img fetchpriority=\"high\" decoding=\"async\" class=\"alignnone size-medium wp-image-2791\" src=\"https:\/\/pocencoffee.com\/wp-content\/uploads\/2024\/04\/Brush-C-standard-coffee-brush-300x300.jpg\" alt=\"\" width=\"300\" height=\"300\" title=\"\" srcset=\"https:\/\/pocencoffee.com\/wp-content\/uploads\/2024\/04\/Brush-C-standard-coffee-brush-300x300.jpg 300w, https:\/\/pocencoffee.com\/wp-content\/uploads\/2024\/04\/Brush-C-standard-coffee-brush-150x150.jpg 150w, https:\/\/pocencoffee.com\/wp-content\/uploads\/2024\/04\/Brush-C-standard-coffee-brush-100x100.jpg 100w, https:\/\/pocencoffee.com\/wp-content\/uploads\/2024\/04\/Brush-C-standard-coffee-brush.jpg 600w\" sizes=\"(max-width: 300px) 100vw, 300px\" \/><\/p>","protected":false},"excerpt":{"rendered":"<p><strong> moedores e m\u00e1quinas de caf\u00e9 escova<\/strong><\/p>\n<p>Material: Cabo de pl\u00e1stico, escovas de nylon.<\/p>\n<p>Embalagem: 1 unidade\/saco;<\/p>\n<p>Cor: conforme a imagem.<\/p>\n<p>Logotipo: serigrafia branca.<\/p>","protected":false},"featured_media":2790,"template":"","meta":[],"product_brand":[],"product_cat":[28],"product_tag":[],"class_list":{"0":"post-2789","1":"product","2":"type-product","3":"status-publish","4":"has-post-thumbnail","6":"product_cat-more-tools","8":"first","9":"instock","10":"shipping-taxable","11":"product-type-simple"},"_links":{"self":[{"href":"https:\/\/pocencoffee.com\/pt\/wp-json\/wp\/v2\/product\/2789","targetHints":{"allow":["GET"]}}],"collection":[{"href":"https:\/\/pocencoffee.com\/pt\/wp-json\/wp\/v2\/product"}],"about":[{"href":"https:\/\/pocencoffee.com\/pt\/wp-json\/wp\/v2\/types\/product"}],"version-history":[{"count":2,"href":"https:\/\/pocencoffee.com\/pt\/wp-json\/wp\/v2\/product\/2789\/revisions"}],"predecessor-version":[{"id":2793,"href":"https:\/\/pocencoffee.com\/pt\/wp-json\/wp\/v2\/product\/2789\/revisions\/2793"}],"wp:featuredmedia":[{"embeddable":true,"href":"https:\/\/pocencoffee.com\/pt\/wp-json\/wp\/v2\/media\/2790"}],"wp:attachment":[{"href":"https:\/\/pocencoffee.com\/pt\/wp-json\/wp\/v2\/media?parent=2789"}],"wp:term":[{"taxonomy":"product_brand","embeddable":true,"href":"https:\/\/pocencoffee.com\/pt\/wp-json\/wp\/v2\/product_brand?post=2789"},{"taxonomy":"product_cat","embeddable":true,"href":"https:\/\/pocencoffee.com\/pt\/wp-json\/wp\/v2\/product_cat?post=2789"},{"taxonomy":"product_tag","embeddable":true,"href":"https:\/\/pocencoffee.com\/pt\/wp-json\/wp\/v2\/product_tag?post=2789"}],"curies":[{"name":"wp","href":"https:\/\/api.w.org\/{rel}","templated":true}]}}