{"id":2799,"date":"2024-04-28T07:35:52","date_gmt":"2024-04-28T14:35:52","guid":{"rendered":"https:\/\/pocencoffee.com\/?post_type=product&#038;p=2799"},"modified":"2024-04-28T07:39:57","modified_gmt":"2024-04-28T14:39:57","slug":"escova-plastica-para-limpeza-do-porta-filtro-cabeca-limpa","status":"publish","type":"product","link":"https:\/\/pocencoffee.com\/pt\/produto\/escova-plastica-para-limpeza-do-porta-filtro-cabeca-limpa\/","title":{"rendered":"Escova de limpeza para porta-filtro de pl\u00e1stico com cabe\u00e7a limpa"},"content":{"rendered":"<p><strong>Escova de limpeza para porta-filtro de pl\u00e1stico com cabe\u00e7a limpa<\/strong><\/p>\n<p>\u00c9 uma boa ferramenta para baristas e oferece suporte para limpeza de porta-filtros de 51 mm, 53 mm, 54 mm e 58 mm.<\/p>\n<p><img fetchpriority=\"high\" decoding=\"async\" class=\"alignnone size-medium wp-image-2802\" src=\"https:\/\/pocencoffee.com\/wp-content\/uploads\/2024\/04\/brush-D-sizes-300x222.jpg\" alt=\"\" width=\"300\" height=\"222\" title=\"\" srcset=\"https:\/\/pocencoffee.com\/wp-content\/uploads\/2024\/04\/brush-D-sizes-300x222.jpg 300w, https:\/\/pocencoffee.com\/wp-content\/uploads\/2024\/04\/brush-D-sizes.jpg 595w\" sizes=\"(max-width: 300px) 100vw, 300px\" \/><\/p>","protected":false},"excerpt":{"rendered":"<p><strong>escova de limpeza cabe\u00e7ote limpo<\/strong><\/p>\n<p>Material: Cabo de pl\u00e1stico, escovas de nylon.<\/p>\n<p>Embalagem: 1 unidade\/saco;<\/p>\n<p>Cor: conforme a imagem.<\/p>\n<p>Logotipo: serigrafia branca.<\/p>","protected":false},"featured_media":2800,"template":"","meta":[],"product_brand":[],"product_cat":[28],"product_tag":[],"class_list":{"0":"post-2799","1":"product","2":"type-product","3":"status-publish","4":"has-post-thumbnail","6":"product_cat-more-tools","8":"first","9":"instock","10":"shipping-taxable","11":"product-type-simple"},"_links":{"self":[{"href":"https:\/\/pocencoffee.com\/pt\/wp-json\/wp\/v2\/product\/2799","targetHints":{"allow":["GET"]}}],"collection":[{"href":"https:\/\/pocencoffee.com\/pt\/wp-json\/wp\/v2\/product"}],"about":[{"href":"https:\/\/pocencoffee.com\/pt\/wp-json\/wp\/v2\/types\/product"}],"version-history":[{"count":1,"href":"https:\/\/pocencoffee.com\/pt\/wp-json\/wp\/v2\/product\/2799\/revisions"}],"predecessor-version":[{"id":2803,"href":"https:\/\/pocencoffee.com\/pt\/wp-json\/wp\/v2\/product\/2799\/revisions\/2803"}],"wp:featuredmedia":[{"embeddable":true,"href":"https:\/\/pocencoffee.com\/pt\/wp-json\/wp\/v2\/media\/2800"}],"wp:attachment":[{"href":"https:\/\/pocencoffee.com\/pt\/wp-json\/wp\/v2\/media?parent=2799"}],"wp:term":[{"taxonomy":"product_brand","embeddable":true,"href":"https:\/\/pocencoffee.com\/pt\/wp-json\/wp\/v2\/product_brand?post=2799"},{"taxonomy":"product_cat","embeddable":true,"href":"https:\/\/pocencoffee.com\/pt\/wp-json\/wp\/v2\/product_cat?post=2799"},{"taxonomy":"product_tag","embeddable":true,"href":"https:\/\/pocencoffee.com\/pt\/wp-json\/wp\/v2\/product_tag?post=2799"}],"curies":[{"name":"wp","href":"https:\/\/api.w.org\/{rel}","templated":true}]}}