{"id":2809,"date":"2024-04-28T08:13:45","date_gmt":"2024-04-28T15:13:45","guid":{"rendered":"https:\/\/pocencoffee.com\/?post_type=product&#038;p=2809"},"modified":"2024-04-28T08:15:38","modified_gmt":"2024-04-28T15:15:38","slug":"filtro-de-disco-de-cafe-reutilizavel-de-metal","status":"publish","type":"product","link":"https:\/\/pocencoffee.com\/pt\/produto\/filtro-de-disco-de-cafe-reutilizavel-de-metal\/","title":{"rendered":"Filtro de caf\u00e9 reutiliz\u00e1vel em metal"},"content":{"rendered":"<p><strong>Filtro de caf\u00e9 reutiliz\u00e1vel em metal<\/strong><\/p>\n<p>O filtro de disco tem muitas op\u00e7\u00f5es diferentes, de 0,7 mm a 1,5 mm de espessura, com diferentes di\u00e2metros.<\/p>\n<p>Sua finalidade \u00e9 filtrar melhor o caf\u00e9; ele tem 5 camadas.<\/p>\n<p><img fetchpriority=\"high\" decoding=\"async\" class=\"alignnone size-medium wp-image-2810\" src=\"https:\/\/pocencoffee.com\/wp-content\/uploads\/2024\/04\/Filter-02-300x300.jpg\" alt=\"\" width=\"300\" height=\"300\" title=\"\" srcset=\"https:\/\/pocencoffee.com\/wp-content\/uploads\/2024\/04\/Filter-02-300x300.jpg 300w, https:\/\/pocencoffee.com\/wp-content\/uploads\/2024\/04\/Filter-02-150x150.jpg 150w, https:\/\/pocencoffee.com\/wp-content\/uploads\/2024\/04\/Filter-02-100x100.jpg 100w, https:\/\/pocencoffee.com\/wp-content\/uploads\/2024\/04\/Filter-02.jpg 600w\" sizes=\"(max-width: 300px) 100vw, 300px\" \/><\/p>","protected":false},"excerpt":{"rendered":"<p><strong>filtro de disco de caf\u00e9 reutiliz\u00e1vel<\/strong><\/p>\n<p>Material: a\u00e7o inoxid\u00e1vel 304 ou a\u00e7o inoxid\u00e1vel 316.<\/p>\n<p>Espessura: 0,7 mm a 1,5 mm.<\/p>\n<p>Di\u00e2metro: 49 mm a 58,5 mm.<\/p>","protected":false},"featured_media":2811,"template":"","meta":[],"product_brand":[],"product_cat":[28],"product_tag":[],"class_list":{"0":"post-2809","1":"product","2":"type-product","3":"status-publish","4":"has-post-thumbnail","6":"product_cat-more-tools","8":"first","9":"instock","10":"shipping-taxable","11":"product-type-simple"},"_links":{"self":[{"href":"https:\/\/pocencoffee.com\/pt\/wp-json\/wp\/v2\/product\/2809","targetHints":{"allow":["GET"]}}],"collection":[{"href":"https:\/\/pocencoffee.com\/pt\/wp-json\/wp\/v2\/product"}],"about":[{"href":"https:\/\/pocencoffee.com\/pt\/wp-json\/wp\/v2\/types\/product"}],"version-history":[{"count":2,"href":"https:\/\/pocencoffee.com\/pt\/wp-json\/wp\/v2\/product\/2809\/revisions"}],"predecessor-version":[{"id":2814,"href":"https:\/\/pocencoffee.com\/pt\/wp-json\/wp\/v2\/product\/2809\/revisions\/2814"}],"wp:featuredmedia":[{"embeddable":true,"href":"https:\/\/pocencoffee.com\/pt\/wp-json\/wp\/v2\/media\/2811"}],"wp:attachment":[{"href":"https:\/\/pocencoffee.com\/pt\/wp-json\/wp\/v2\/media?parent=2809"}],"wp:term":[{"taxonomy":"product_brand","embeddable":true,"href":"https:\/\/pocencoffee.com\/pt\/wp-json\/wp\/v2\/product_brand?post=2809"},{"taxonomy":"product_cat","embeddable":true,"href":"https:\/\/pocencoffee.com\/pt\/wp-json\/wp\/v2\/product_cat?post=2809"},{"taxonomy":"product_tag","embeddable":true,"href":"https:\/\/pocencoffee.com\/pt\/wp-json\/wp\/v2\/product_tag?post=2809"}],"curies":[{"name":"wp","href":"https:\/\/api.w.org\/{rel}","templated":true}]}}