{"id":3015,"date":"2024-06-19T04:12:10","date_gmt":"2024-06-19T11:12:10","guid":{"rendered":"https:\/\/pocencoffee.com\/?post_type=product&#038;p=3015"},"modified":"2024-06-19T04:12:10","modified_gmt":"2024-06-19T11:12:10","slug":"garrafas-termicas-de-aco-inoxidavel","status":"publish","type":"product","link":"https:\/\/pocencoffee.com\/pt\/produto\/garrafas-termicas-de-aco-inoxidavel\/","title":{"rendered":"Garrafas t\u00e9rmicas de a\u00e7o inoxid\u00e1vel"},"content":{"rendered":"<p><strong>Garrafas t\u00e9rmicas de a\u00e7o inoxid\u00e1vel com isolamento a v\u00e1cuo<\/strong><\/p>\n<p>Garrafas t\u00e9rmicas e canecas t\u00e9rmicas fazem parte da categoria de acess\u00f3rios para caf\u00e9.<\/p>\n<p>Fornecemos garrafas t\u00e9rmicas (frascos) e canecas t\u00e9rmicas que atendem aos padr\u00f5es de qualidade alimentar.<\/p>\n<p>A qualidade est\u00e1 em estrita conformidade com as normas LFGB, FDA, sem BPA e EN12546-1.<\/p>\n<p>Entre em contato conosco para uma verifica\u00e7\u00e3o clara do relat\u00f3rio.<\/p>\n<p><img fetchpriority=\"high\" decoding=\"async\" class=\"alignnone size-medium wp-image-3016\" src=\"https:\/\/pocencoffee.com\/wp-content\/uploads\/2024\/06\/BPA-Free-200x300.jpg\" alt=\"\" width=\"200\" height=\"300\" title=\"\" srcset=\"https:\/\/pocencoffee.com\/wp-content\/uploads\/2024\/06\/BPA-Free-200x300.jpg 200w, https:\/\/pocencoffee.com\/wp-content\/uploads\/2024\/06\/BPA-Free.jpg 400w\" sizes=\"(max-width: 200px) 100vw, 200px\" \/> <img decoding=\"async\" class=\"alignnone size-medium wp-image-3017\" src=\"https:\/\/pocencoffee.com\/wp-content\/uploads\/2024\/06\/FDA-200x300.jpg\" alt=\"\" width=\"200\" height=\"300\" title=\"\" srcset=\"https:\/\/pocencoffee.com\/wp-content\/uploads\/2024\/06\/FDA-200x300.jpg 200w, https:\/\/pocencoffee.com\/wp-content\/uploads\/2024\/06\/FDA.jpg 400w\" sizes=\"(max-width: 200px) 100vw, 200px\" \/> <img decoding=\"async\" class=\"alignnone size-medium wp-image-3018\" src=\"https:\/\/pocencoffee.com\/wp-content\/uploads\/2024\/06\/LFGB-200x300.jpg\" alt=\"\" width=\"200\" height=\"300\" title=\"\" srcset=\"https:\/\/pocencoffee.com\/wp-content\/uploads\/2024\/06\/LFGB-200x300.jpg 200w, https:\/\/pocencoffee.com\/wp-content\/uploads\/2024\/06\/LFGB.jpg 400w\" sizes=\"(max-width: 200px) 100vw, 200px\" \/><\/p>\n<div class=\"mceTemp\"><\/div>\n<p><img loading=\"lazy\" decoding=\"async\" class=\"alignnone size-medium wp-image-3023\" src=\"https:\/\/pocencoffee.com\/wp-content\/uploads\/2024\/06\/SFC-vacuum-insulated-bottles-300x300.jpg\" alt=\"\" width=\"300\" height=\"300\" title=\"\" srcset=\"https:\/\/pocencoffee.com\/wp-content\/uploads\/2024\/06\/SFC-vacuum-insulated-bottles-300x300.jpg 300w, https:\/\/pocencoffee.com\/wp-content\/uploads\/2024\/06\/SFC-vacuum-insulated-bottles-150x150.jpg 150w, https:\/\/pocencoffee.com\/wp-content\/uploads\/2024\/06\/SFC-vacuum-insulated-bottles-600x600.jpg 600w, https:\/\/pocencoffee.com\/wp-content\/uploads\/2024\/06\/SFC-vacuum-insulated-bottles-100x100.jpg 100w, https:\/\/pocencoffee.com\/wp-content\/uploads\/2024\/06\/SFC-vacuum-insulated-bottles.jpg 750w\" sizes=\"(max-width: 300px) 100vw, 300px\" \/><\/p>","protected":false},"excerpt":{"rendered":"<p>Material: 304S\/S no interior, 201S\/S no exterior.<\/p>\n<p>Cor: personalizada.<\/p>\n<p>Logotipo: personalizado.<\/p>\n<p>Capacidade: 12 on\u00e7as, 18 on\u00e7as, 22 on\u00e7as, 25 on\u00e7as, 32 on\u00e7as, 40 on\u00e7as.<\/p>","protected":false},"featured_media":3020,"template":"","meta":[],"product_brand":[],"product_cat":[28],"product_tag":[],"class_list":{"0":"post-3015","1":"product","2":"type-product","3":"status-publish","4":"has-post-thumbnail","6":"product_cat-more-tools","8":"first","9":"instock","10":"shipping-taxable","11":"product-type-simple"},"_links":{"self":[{"href":"https:\/\/pocencoffee.com\/pt\/wp-json\/wp\/v2\/product\/3015","targetHints":{"allow":["GET"]}}],"collection":[{"href":"https:\/\/pocencoffee.com\/pt\/wp-json\/wp\/v2\/product"}],"about":[{"href":"https:\/\/pocencoffee.com\/pt\/wp-json\/wp\/v2\/types\/product"}],"version-history":[{"count":1,"href":"https:\/\/pocencoffee.com\/pt\/wp-json\/wp\/v2\/product\/3015\/revisions"}],"predecessor-version":[{"id":3024,"href":"https:\/\/pocencoffee.com\/pt\/wp-json\/wp\/v2\/product\/3015\/revisions\/3024"}],"wp:featuredmedia":[{"embeddable":true,"href":"https:\/\/pocencoffee.com\/pt\/wp-json\/wp\/v2\/media\/3020"}],"wp:attachment":[{"href":"https:\/\/pocencoffee.com\/pt\/wp-json\/wp\/v2\/media?parent=3015"}],"wp:term":[{"taxonomy":"product_brand","embeddable":true,"href":"https:\/\/pocencoffee.com\/pt\/wp-json\/wp\/v2\/product_brand?post=3015"},{"taxonomy":"product_cat","embeddable":true,"href":"https:\/\/pocencoffee.com\/pt\/wp-json\/wp\/v2\/product_cat?post=3015"},{"taxonomy":"product_tag","embeddable":true,"href":"https:\/\/pocencoffee.com\/pt\/wp-json\/wp\/v2\/product_tag?post=3015"}],"curies":[{"name":"wp","href":"https:\/\/api.w.org\/{rel}","templated":true}]}}