{"id":3025,"date":"2024-06-19T04:12:31","date_gmt":"2024-06-19T11:12:31","guid":{"rendered":"https:\/\/pocencoffee.com\/?post_type=product&#038;p=3025"},"modified":"2024-06-19T04:16:20","modified_gmt":"2024-06-19T11:16:20","slug":"garrafa-de-cafe-frasco-isolado-a-vacuo","status":"publish","type":"product","link":"https:\/\/pocencoffee.com\/pt\/produto\/garrafa-de-cafe-frasco-isolado-a-vacuo\/","title":{"rendered":"Garrafa t\u00e9rmica com isolamento a v\u00e1cuo para caf\u00e9"},"content":{"rendered":"<p><strong>Garrafa t\u00e9rmica com isolamento a v\u00e1cuo para caf\u00e9<\/strong><\/p>\n<p>Garrafas t\u00e9rmicas e canecas t\u00e9rmicas fazem parte da categoria de acess\u00f3rios para caf\u00e9.<\/p>\n<p>Fornecemos garrafas t\u00e9rmicas (frascos) e canecas t\u00e9rmicas que atendem aos padr\u00f5es de qualidade alimentar.<\/p>\n<p>A qualidade est\u00e1 em estrita conformidade com as normas LFGB, FDA, sem BPA e EN12546-1.<\/p>\n<p>Entre em contato conosco para obter uma verifica\u00e7\u00e3o clara do relat\u00f3rio e a lista completa de produtos.<\/p>\n<p><img fetchpriority=\"high\" decoding=\"async\" class=\"alignnone size-medium wp-image-3016\" src=\"https:\/\/pocencoffee.com\/wp-content\/uploads\/2024\/06\/BPA-Free-200x300.jpg\" alt=\"\" width=\"200\" height=\"300\" title=\"\" srcset=\"https:\/\/pocencoffee.com\/wp-content\/uploads\/2024\/06\/BPA-Free-200x300.jpg 200w, https:\/\/pocencoffee.com\/wp-content\/uploads\/2024\/06\/BPA-Free.jpg 400w\" sizes=\"(max-width: 200px) 100vw, 200px\" \/> <img decoding=\"async\" class=\"alignnone size-medium wp-image-3017\" src=\"https:\/\/pocencoffee.com\/wp-content\/uploads\/2024\/06\/FDA-200x300.jpg\" alt=\"\" width=\"200\" height=\"300\" title=\"\" srcset=\"https:\/\/pocencoffee.com\/wp-content\/uploads\/2024\/06\/FDA-200x300.jpg 200w, https:\/\/pocencoffee.com\/wp-content\/uploads\/2024\/06\/FDA.jpg 400w\" sizes=\"(max-width: 200px) 100vw, 200px\" \/> <img decoding=\"async\" class=\"alignnone size-medium wp-image-3018\" src=\"https:\/\/pocencoffee.com\/wp-content\/uploads\/2024\/06\/LFGB-200x300.jpg\" alt=\"\" width=\"200\" height=\"300\" title=\"\" srcset=\"https:\/\/pocencoffee.com\/wp-content\/uploads\/2024\/06\/LFGB-200x300.jpg 200w, https:\/\/pocencoffee.com\/wp-content\/uploads\/2024\/06\/LFGB.jpg 400w\" sizes=\"(max-width: 200px) 100vw, 200px\" \/><\/p>\n<div class=\"mceTemp\"><\/div>\n<p>&nbsp;<\/p>","protected":false},"excerpt":{"rendered":"<p>Material: 304S\/S no interior, 201S\/S no exterior.<\/p>\n<p>Cor: personalizada.<\/p>\n<p>Logotipo: personalizado.<\/p>\n<p>Capacidade: 12oz \/ 18oz \/ 24oz \/ 27oz \/ 32oz \/ 32oz \/ 40oz.<\/p>","protected":false},"featured_media":3026,"template":"","meta":[],"product_brand":[],"product_cat":[28],"product_tag":[],"class_list":{"0":"post-3025","1":"product","2":"type-product","3":"status-publish","4":"has-post-thumbnail","6":"product_cat-more-tools","8":"first","9":"instock","10":"shipping-taxable","11":"product-type-simple"},"_links":{"self":[{"href":"https:\/\/pocencoffee.com\/pt\/wp-json\/wp\/v2\/product\/3025","targetHints":{"allow":["GET"]}}],"collection":[{"href":"https:\/\/pocencoffee.com\/pt\/wp-json\/wp\/v2\/product"}],"about":[{"href":"https:\/\/pocencoffee.com\/pt\/wp-json\/wp\/v2\/types\/product"}],"version-history":[{"count":1,"href":"https:\/\/pocencoffee.com\/pt\/wp-json\/wp\/v2\/product\/3025\/revisions"}],"predecessor-version":[{"id":3030,"href":"https:\/\/pocencoffee.com\/pt\/wp-json\/wp\/v2\/product\/3025\/revisions\/3030"}],"wp:featuredmedia":[{"embeddable":true,"href":"https:\/\/pocencoffee.com\/pt\/wp-json\/wp\/v2\/media\/3026"}],"wp:attachment":[{"href":"https:\/\/pocencoffee.com\/pt\/wp-json\/wp\/v2\/media?parent=3025"}],"wp:term":[{"taxonomy":"product_brand","embeddable":true,"href":"https:\/\/pocencoffee.com\/pt\/wp-json\/wp\/v2\/product_brand?post=3025"},{"taxonomy":"product_cat","embeddable":true,"href":"https:\/\/pocencoffee.com\/pt\/wp-json\/wp\/v2\/product_cat?post=3025"},{"taxonomy":"product_tag","embeddable":true,"href":"https:\/\/pocencoffee.com\/pt\/wp-json\/wp\/v2\/product_tag?post=3025"}],"curies":[{"name":"wp","href":"https:\/\/api.w.org\/{rel}","templated":true}]}}