{"id":3721,"date":"2025-12-17T23:32:28","date_gmt":"2025-12-18T07:32:28","guid":{"rendered":"https:\/\/pocencoffee.com\/?post_type=product&#038;p=3721"},"modified":"2025-12-17T23:32:28","modified_gmt":"2025-12-18T07:32:28","slug":"espremedor-manual-de-frutas-em-aco-inoxidavel-de-qualidade-alimentar","status":"publish","type":"product","link":"https:\/\/pocencoffee.com\/pt\/produto\/espremedor-manual-de-frutas-em-aco-inoxidavel-de-qualidade-alimentar\/","title":{"rendered":"Espremedor de frutas manual em a\u00e7o inoxid\u00e1vel de qualidade alimentar"},"content":{"rendered":"<p><strong>Espremedor de frutas manual em a\u00e7o inoxid\u00e1vel de qualidade alimentar<\/strong><\/p>\n<p>Este espremedor de frutas \u00e9 produzido com uma al\u00e7a suave e um orif\u00edcio de filtro suave.<\/p>\n<p>Aceitamos encomendas personalizadas de pequenas quantidades com entrega r\u00e1pida.<\/p>","protected":false},"excerpt":{"rendered":"<p>Este espremedor de frutas \u00e9 produzido com uma al\u00e7a suave e um orif\u00edcio de filtro suave.<\/p>\n<p>Aceitamos encomendas personalizadas de pequenas quantidades com entrega r\u00e1pida.<\/p>\n<p>Material: A\u00e7o inoxid\u00e1vel 304<\/p>\n<p>A quantidade m\u00ednima de encomenda \u00e9 de 300 unidades com um LOGOTIPO personalizado.<\/p>","protected":false},"featured_media":3722,"template":"","meta":[],"product_brand":[],"product_cat":[28],"product_tag":[],"class_list":{"0":"post-3721","1":"product","2":"type-product","3":"status-publish","4":"has-post-thumbnail","6":"product_cat-more-tools","8":"first","9":"instock","10":"shipping-taxable","11":"product-type-simple"},"_links":{"self":[{"href":"https:\/\/pocencoffee.com\/pt\/wp-json\/wp\/v2\/product\/3721","targetHints":{"allow":["GET"]}}],"collection":[{"href":"https:\/\/pocencoffee.com\/pt\/wp-json\/wp\/v2\/product"}],"about":[{"href":"https:\/\/pocencoffee.com\/pt\/wp-json\/wp\/v2\/types\/product"}],"version-history":[{"count":1,"href":"https:\/\/pocencoffee.com\/pt\/wp-json\/wp\/v2\/product\/3721\/revisions"}],"predecessor-version":[{"id":3727,"href":"https:\/\/pocencoffee.com\/pt\/wp-json\/wp\/v2\/product\/3721\/revisions\/3727"}],"wp:featuredmedia":[{"embeddable":true,"href":"https:\/\/pocencoffee.com\/pt\/wp-json\/wp\/v2\/media\/3722"}],"wp:attachment":[{"href":"https:\/\/pocencoffee.com\/pt\/wp-json\/wp\/v2\/media?parent=3721"}],"wp:term":[{"taxonomy":"product_brand","embeddable":true,"href":"https:\/\/pocencoffee.com\/pt\/wp-json\/wp\/v2\/product_brand?post=3721"},{"taxonomy":"product_cat","embeddable":true,"href":"https:\/\/pocencoffee.com\/pt\/wp-json\/wp\/v2\/product_cat?post=3721"},{"taxonomy":"product_tag","embeddable":true,"href":"https:\/\/pocencoffee.com\/pt\/wp-json\/wp\/v2\/product_tag?post=3721"}],"curies":[{"name":"wp","href":"https:\/\/api.w.org\/{rel}","templated":true}]}}